{"id":5389,"date":"2024-06-13T17:23:04","date_gmt":"2024-06-13T15:23:04","guid":{"rendered":"https:\/\/www.flogroup.eu\/privacy-policy-sulla-protezione-dei-dati-personali-isap\/"},"modified":"2024-06-13T17:36:58","modified_gmt":"2024-06-13T15:36:58","slug":"politique-de-confidentialite-sur-la-protection-des-donnees-personnelles-isap","status":"publish","type":"page","link":"https:\/\/www.flogroup.eu\/fr\/politique-de-confidentialite-sur-la-protection-des-donnees-personnelles-isap\/","title":{"rendered":"Politique de confidentialit\u00e9 sur la protection des donn\u00e9es personnelles \u2013 ISAP"},"content":{"rendered":"<div class=\"fusion-fullwidth fullwidth-box fusion-builder-row-1 fusion-flex-container has-pattern-background has-mask-background gradient-container-1 nonhundred-percent-fullwidth non-hundred-percent-height-scrolling\" style=\"--awb-border-radius-top-left:0px;--awb-border-radius-top-right:0px;--awb-border-radius-bottom-right:0px;--awb-border-radius-bottom-left:0px;--awb-padding-top:5rem;--awb-padding-bottom:5rem;--awb-flex-wrap:wrap;\" ><div class=\"fusion-builder-row fusion-row fusion-flex-align-items-flex-start fusion-flex-content-wrap\" style=\"max-width:1456px;margin-left: calc(-4% \/ 2 );margin-right: calc(-4% \/ 2 );\"><div class=\"fusion-layout-column fusion_builder_column fusion-builder-column-0 fusion_builder_column_1_1 1_1 fusion-flex-column\" style=\"--awb-bg-size:cover;--awb-width-large:100%;--awb-margin-top-large:0px;--awb-spacing-right-large:1.92%;--awb-margin-bottom-large:0px;--awb-spacing-left-large:1.92%;--awb-width-medium:100%;--awb-spacing-right-medium:1.92%;--awb-spacing-left-medium:1.92%;--awb-width-small:100%;--awb-spacing-right-small:1.92%;--awb-spacing-left-small:1.92%;\"><div class=\"fusion-column-wrapper fusion-flex-justify-content-flex-start fusion-content-layout-column\"><div class=\"fusion-text fusion-text-1\"><p><strong>Isap Packaging S.p.A.<\/strong> (ci-apr\u00e8s, <strong>Isap<\/strong>) est <strong>responsable <\/strong>du traitement et traite les donn\u00e9es personnelles de ses clients, fournisseurs, partenaires, utilisateurs web, candidats, visiteurs et du personnel (ci-apr\u00e8s, les \u00ab\u00a0parties int\u00e9ress\u00e9es\u00a0\u00bb ou \u00ab\u00a0utilisateurs\u00a0\u00bb) dans le respect de leurs droits, de mani\u00e8re licite, transparente et correcte, conform\u00e9ment aux dispositions du R\u00e8glement 2016\/679\/UE (\u00ab\u00a0GDPR\u00a0\u00bb).<\/p>\n<h4><strong>Base l\u00e9gale (art. 6 GDPR), finalit\u00e9 et nature du traitement<br \/>\n(pourquoi traitons-nous vos donn\u00e9es)<\/strong><\/h4>\n<p>La partie int\u00e9ress\u00e9e est inform\u00e9e qu&rsquo;Isap traitera ses donn\u00e9es personnelles, en fonction du type, aux fins suivantes:<\/p>\n<ol>\n<li><u>Conclusion et ex\u00e9cution du contrat<\/u> (insertion dans les bases de donn\u00e9es informatiques de l&rsquo;entreprise, gestion des commandes, etc.) et accomplissement des obligations pr\u00e9contractuelles li\u00e9es \u00e0 ce qui pr\u00e9c\u00e8de;<\/li>\n<li><u>Respect des obligations l\u00e9gales<\/u> &#8211; administratives, comptables et fiscales (telles que les d\u00e9clarations fiscales, les obligations de s\u00e9curit\u00e9 sociale, etc.) &#8211; ou pr\u00e9vues par un r\u00e8glement interne ou par la l\u00e9gislation europ\u00e9enne\/internationale (par exemple, v\u00e9rification des conditions de moralit\u00e9, de professionnalisme, etc.);<br \/>\nBase l\u00e9gale: la fourniture de donn\u00e9es aux fins vis\u00e9es aux points <strong>(1)<\/strong> et <strong>(2)<\/strong> est une <strong>condition pr\u00e9alable \u00e0 la conclusion du contrat et une obligation l\u00e9gale<\/strong>, et tout refus de les fournir entra\u00eene l&rsquo;impossibilit\u00e9 pour le responsable de traiter les activit\u00e9s requises pour la conclusion et l&rsquo;ex\u00e9cution du contrat, ainsi qu&rsquo;une violation des dispositions l\u00e9gales imposant une obligation au responsable.<\/li>\n<li><u>Activit\u00e9s de gestion de la secr\u00e9tariat<\/u> (r\u00e9ception et \u00e9change de communications et de correspondance par e-mail, t\u00e9l\u00e9phone, etc.);<\/li>\n<li><u>Interaction et\/ou navigation sur le site web<\/u> (par exemple, r\u00e9pondre aux demandes d&rsquo;informations de l&rsquo;utilisateur et\/ou envoyer des communications);<br \/>\nBase l\u00e9gale: <strong>consentement de la partie int\u00e9ress\u00e9e, facultatif<\/strong>. Cependant, le d\u00e9faut de fourniture entra\u00eene l&rsquo;impossibilit\u00e9 pour celui-ci de recevoir des communications qui lui sont adress\u00e9es <strong>(3)<\/strong> ou de recevoir une r\u00e9ponse \u00e0 une demande d&rsquo;informations par les canaux de contact mis \u00e0 disposition par le site web, ainsi que l&rsquo;impossibilit\u00e9 pour <strong>Isap<\/strong> de fournir tout service web <strong>(4)<\/strong>.<\/li>\n<li><strong>Objectifs marketing<\/strong> (envoi d&rsquo;informations commerciales sur les services offerts par <strong>Isap<\/strong> et les nouveaut\u00e9s disponibles (nouveaux produits, nouveaux fabricants, nouvelles zones de livraison, etc.);<br \/>\nBase l\u00e9gale : <strong>consentement de la partie int\u00e9ress\u00e9e<\/strong>, facultatif. Le d\u00e9faut de fourniture entra\u00eene l&rsquo;impossibilit\u00e9 de recevoir des informations commerciales, sans pr\u00e9judice des traitements vis\u00e9s aux points pr\u00e9c\u00e9dents. Le consentement donn\u00e9 express\u00e9ment pour l&rsquo;envoi de communications commerciales et promotionnelles implique la r\u00e9ception de ces communications non seulement par des moyens de contact automatis\u00e9s, mais \u00e9galement par des moyens traditionnels, tels que le courrier postal ou les appels t\u00e9l\u00e9phoniques par un op\u00e9rateur.<\/li>\n<\/ol>\n<h4><strong>2. Types de donn\u00e9es trait\u00e9es<\/strong><\/h4>\n<p>Pour fournir \u00e9ventuellement le service de vente ou interagir avec le client,<strong> Isap<\/strong> devra acqu\u00e9rir certaines de ses donn\u00e9es, notamment &#8211; non n\u00e9cessairement de mani\u00e8re cumulative, car seules certaines pourraient \u00eatre n\u00e9cessaires &#8211; <u>des donn\u00e9es d&rsquo;identification et de contact<\/u> (par exemple, e-mail, num\u00e9ro de TVA, num\u00e9ro de t\u00e9l\u00e9phone, nom et pr\u00e9nom, lieu et date de naissance, etc.), <u>des donn\u00e9es de paiement<\/u> (par exemple, IBAN, donn\u00e9es de facturation), ainsi que toute autre donn\u00e9e absolument n\u00e9cessaire \u00e0 la fourniture du service, dans le respect du principe de n\u00e9cessit\u00e9 et de proportionnalit\u00e9. Les syst\u00e8mes informatiques et les proc\u00e9dures logicielles utilis\u00e9s pour le fonctionnement de ce site web acqui\u00e8rent, dans le cadre de leur fonctionnement normal, certaines donn\u00e9es personnelles dont la transmission est implicite dans l&rsquo;utilisation des protocoles de communication d&rsquo;internet, les donn\u00e9es de navigation (par exemple, adresse IP). Il s&rsquo;agit d&rsquo;informations qui ne sont pas recueillies pour \u00eatre associ\u00e9es \u00e0 des personnes identifi\u00e9es, mais qui, de par leur nature, pourraient, par des traitements et des associations avec des donn\u00e9es d\u00e9tenues par des tiers, permettre d&rsquo;identifier les utilisateurs.<\/p>\n<p><u>Donn\u00e9es envoy\u00e9es volontairement par l&rsquo;utilisateur<\/u><\/p>\n<p>Si l&rsquo;utilisateur envoie des communications spontan\u00e9es \u00e0 <strong>Isap<\/strong>, son adresse et les \u00e9ventuelles donn\u00e9es contenues dans la communication sont acquises.<\/p>\n<h4><strong>3. Dur\u00e9e et modalit\u00e9s de traitement<\/strong><\/h4>\n<p>Les donn\u00e9es seront trait\u00e9es pendant le temps n\u00e9cessaire \u00e0 chaque finalit\u00e9, conform\u00e9ment au principe de confidentialit\u00e9 <em>par d\u00e9faut<\/em>. Ci-dessous, les d\u00e9lais de conservation sp\u00e9cifiques:<\/p>\n<ul>\n<li>dix (10) ans \u00e0 compter de la cessation de la relation contractuelle pour les donn\u00e9es fournies par les fournisseurs, partenaires ou clients, pertinentes \u00e0 des fins fiscales et comptables, sauf si elles doivent \u00eatre conserv\u00e9es plus longtemps pour faire valoir un droit devant un tribunal ;<\/li>\n<\/ul>\n<p>Le traitement est effectu\u00e9 par collecte, enregistrement, organisation, conservation, consultation, traitement, modification, s\u00e9lection, extraction, comparaison, utilisation, interconnexion, blocage, communication, annulation et destruction des donn\u00e9es. Toutes les donn\u00e9es seront trait\u00e9es avec correction et transparence, par des moyens \u00e9lectroniques et sur papier ; elles seront int\u00e9gr\u00e9es dans des archives informatiques sp\u00e9ciales &#8211; ou dans tout autre support appropri\u00e9 &#8211; et maintenues sous un contr\u00f4le constant gr\u00e2ce \u00e0 des proc\u00e9dures op\u00e9rationnelles et des mesures appropri\u00e9es pour garantir leur s\u00e9curit\u00e9 et leur confidentialit\u00e9, afin d&rsquo;\u00e9viter leur perte, leur utilisation illicite ou incorrecte, et les acc\u00e8s non autoris\u00e9s.<\/p>\n<h4><strong>4. Donn\u00e9es de navigation (pour les utilisateurs web)<\/strong><\/h4>\n<p>Les syst\u00e8mes informatiques et les proc\u00e9dures logicielles charg\u00e9s du fonctionnement du site acqui\u00e8rent certaines donn\u00e9es personnelles (adresse IP, type de navigateur, nom de domaine, date et heure de la visite, actions effectu\u00e9es, etc.) dont la transmission est implicite dans l&rsquo;utilisation des protocoles de communication d&rsquo;internet, et qui pourraient &#8211; si elles sont associ\u00e9es \u00e0 d&rsquo;autres donn\u00e9es &#8211; permettre l&rsquo;identification de la personne. Ces informations sont collect\u00e9es de mani\u00e8re agr\u00e9g\u00e9e et automatis\u00e9e dans le but de:<\/p>\n<ul>\n<li>v\u00e9rifier le bon fonctionnement et garantir la pleine accessibilit\u00e9 du site et des services offerts:<\/li>\n<li>\u00e9tablir des rapports statistiques anonymes sur le trafic du site;<\/li>\n<li>effectuer le d\u00e9bogage des applications et la surveillance des syst\u00e8mes informatiques afin de d\u00e9tecter d&rsquo;\u00e9ventuelles violations de leur utilisation et de permettre ainsi la r\u00e9alisation d&rsquo;analyses post-incident. Ces donn\u00e9es sont supprim\u00e9es imm\u00e9diatement apr\u00e8s leur traitement. Pour toute information relative \u00e0 l&rsquo;installation des cookies, veuillez vous r\u00e9f\u00e9rer \u00e0 la <a href=\"https:\/\/www.flogroup.eu\/fr\/politique-de-cookies\/\" target=\"_blank\" rel=\"noopener\">politique en mati\u00e8re de cookies<\/a>.<\/li>\n<\/ul>\n<h4><strong>5. Communication et diffusion des donn\u00e9es<\/strong><\/h4>\n<p>Les donn\u00e9es personnelles de l&rsquo;utilisateur peuvent \u00eatre communiqu\u00e9es \u00e0 des tiers, si n\u00e9cessaire, notamment:<\/p>\n<ol>\n<li>\u00e0 toutes les personnes, publiques et priv\u00e9es, auxquelles l&rsquo;acc\u00e8s aux donn\u00e9es personnelles de la personne concern\u00e9e est reconnu par des dispositions l\u00e9gales ou par ordre de l&rsquo;autorit\u00e9 administrative et\/ou judiciaire;<\/li>\n<li>aux personnes autoris\u00e9es au traitement, aux employ\u00e9s, collaborateurs et fournisseurs d&rsquo;Isap, dans le cadre de leurs fonctions et de la relation contractuelle existante avec eux, pour l&rsquo;ex\u00e9cution des obligations contractuelles envers l&rsquo;utilisateur concern\u00e9;<\/li>\n<li>aux bureaux de poste, aux exp\u00e9diteurs et aux coursiers, si n\u00e9cessaire pour l&rsquo;envoi de documents ou d&rsquo;autres mat\u00e9riels \u00e0 l&rsquo;utilisateur concern\u00e9;<\/li>\n<li>aux personnes morales, publiques et priv\u00e9es (par exemple, de mani\u00e8re non exhaustive, cabinets d&rsquo;avocats ou de conseil, chambres de commerce, Autorit\u00e9s, etc.), si n\u00e9cessaire pour l&rsquo;ex\u00e9cution des activit\u00e9s men\u00e9es par Isap aux fins \u00e9nonc\u00e9es au point 1;<\/li>\n<li>aux \u00e9tablissements bancaires pour la gestion des encaissements et des paiements.<\/li>\n<\/ol>\n<p>Les donn\u00e9es personnelles des utilisateurs ne font pas l&rsquo;objet de diffusion.<\/p>\n<h4><strong>6. Droits de la personne concern\u00e9e<\/strong><\/h4>\n<p><strong>Isap<\/strong> reconna\u00eet \u00e0 la personne concern\u00e9e tous les droits pr\u00e9vus aux articles 15 et suivants du GDPR; en particulier, le droit d&rsquo;obtenir l&rsquo;acc\u00e8s, la rectification, l&rsquo;effacement, la portabilit\u00e9 des donn\u00e9es, ainsi que le droit \u00e0 la limitation du traitement, le droit de retirer son consentement (sans que cela n&rsquo;affecte la lic\u00e9it\u00e9 du traitement pr\u00e9c\u00e9dent), de s&rsquo;opposer au traitement et de d\u00e9poser une plainte aupr\u00e8s d&rsquo;une autorit\u00e9 de contr\u00f4le.<\/p>\n<p>Ces droits peuvent \u00eatre exerc\u00e9s par la personne concern\u00e9e en adressant une demande sans formalit\u00e9 au responsable, qui fournira une r\u00e9ponse appropri\u00e9e sans d\u00e9lai, par courrier ou par fax, aux coordonn\u00e9es ci-dessous, en indiquant sur l&rsquo;enveloppe ou sur la feuille la mention \u00ab\u00a0Relative \u00e0 la confidentialit\u00e9\u00a0\u00bb, ou en envoyant un e-mail \u00e0 l&rsquo;adresse privacy@isap-packaging.com.<\/p>\n<h5><strong>Responsable du traitement<\/strong><\/h5>\n<p>Le responsable du traitement est Isap Packaging S.p.A.;<\/p>\n<p>Si\u00e8ge social: Via Lungadige Attiraglio 67 &#8211; 37124 V\u00e9rone (VR) Italie;<\/p>\n<p>N\u00b0 TVA 03580030231.<\/p>\n<h4><strong>7. Mise \u00e0 jour<\/strong><\/h4>\n<p>Cette politique est sujette \u00e0 des modifications et mises \u00e0 jour, nous vous invitons donc \u00e0 la consulter r\u00e9guli\u00e8rement.<\/p>\n<\/div><\/div><\/div><\/div><\/div>\n","protected":false},"excerpt":{"rendered":"","protected":false},"author":2,"featured_media":2985,"parent":0,"menu_order":0,"comment_status":"closed","ping_status":"closed","template":"","meta":{"footnotes":""},"class_list":["post-5389","page","type-page","status-publish","has-post-thumbnail","hentry"],"yoast_head":"<!-- This site is optimized with the Yoast SEO plugin v26.3 - https:\/\/yoast.com\/wordpress\/plugins\/seo\/ -->\n<title>Politique de confidentialit\u00e9 sur la protection des donn\u00e9es personnelles \u2013 ISAP - Gruppo FLO<\/title>\n<meta name=\"robots\" content=\"index, follow, max-snippet:-1, max-image-preview:large, max-video-preview:-1\" \/>\n<link rel=\"canonical\" href=\"https:\/\/www.flogroup.eu\/fr\/politique-de-confidentialite-sur-la-protection-des-donnees-personnelles-isap\/\" \/>\n<meta property=\"og:locale\" content=\"fr_FR\" \/>\n<meta property=\"og:type\" content=\"article\" \/>\n<meta property=\"og:title\" content=\"Politique de confidentialit\u00e9 sur la protection des donn\u00e9es personnelles \u2013 ISAP - Gruppo FLO\" \/>\n<meta property=\"og:url\" content=\"https:\/\/www.flogroup.eu\/fr\/politique-de-confidentialite-sur-la-protection-des-donnees-personnelles-isap\/\" \/>\n<meta property=\"og:site_name\" content=\"Gruppo FLO\" \/>\n<meta property=\"article:publisher\" content=\"https:\/\/www.facebook.com\/FloGroupOfficial\" \/>\n<meta property=\"article:modified_time\" content=\"2024-06-13T15:36:58+00:00\" \/>\n<meta property=\"og:image\" content=\"https:\/\/www.flogroup.eu\/wp-content\/uploads\/2023\/05\/Banner-Contatti.jpg\" \/>\n\t<meta property=\"og:image:width\" content=\"1920\" \/>\n\t<meta property=\"og:image:height\" content=\"968\" \/>\n\t<meta property=\"og:image:type\" content=\"image\/jpeg\" \/>\n<meta name=\"twitter:card\" content=\"summary_large_image\" \/>\n<meta name=\"twitter:label1\" content=\"Dur\u00e9e de lecture estim\u00e9e\" \/>\n\t<meta name=\"twitter:data1\" content=\"6 minutes\" \/>\n<script type=\"application\/ld+json\" class=\"yoast-schema-graph\">{\"@context\":\"https:\/\/schema.org\",\"@graph\":[{\"@type\":\"WebPage\",\"@id\":\"https:\/\/www.flogroup.eu\/fr\/politique-de-confidentialite-sur-la-protection-des-donnees-personnelles-isap\/\",\"url\":\"https:\/\/www.flogroup.eu\/fr\/politique-de-confidentialite-sur-la-protection-des-donnees-personnelles-isap\/\",\"name\":\"Politique de confidentialit\u00e9 sur la protection des donn\u00e9es personnelles \u2013 ISAP - Gruppo FLO\",\"isPartOf\":{\"@id\":\"https:\/\/www.flogroup.eu\/fr\/#website\"},\"primaryImageOfPage\":{\"@id\":\"https:\/\/www.flogroup.eu\/fr\/politique-de-confidentialite-sur-la-protection-des-donnees-personnelles-isap\/#primaryimage\"},\"image\":{\"@id\":\"https:\/\/www.flogroup.eu\/fr\/politique-de-confidentialite-sur-la-protection-des-donnees-personnelles-isap\/#primaryimage\"},\"thumbnailUrl\":\"https:\/\/www.flogroup.eu\/wp-content\/uploads\/2023\/05\/Banner-Contatti.jpg\",\"datePublished\":\"2024-06-13T15:23:04+00:00\",\"dateModified\":\"2024-06-13T15:36:58+00:00\",\"breadcrumb\":{\"@id\":\"https:\/\/www.flogroup.eu\/fr\/politique-de-confidentialite-sur-la-protection-des-donnees-personnelles-isap\/#breadcrumb\"},\"inLanguage\":\"fr-FR\",\"potentialAction\":[{\"@type\":\"ReadAction\",\"target\":[\"https:\/\/www.flogroup.eu\/fr\/politique-de-confidentialite-sur-la-protection-des-donnees-personnelles-isap\/\"]}]},{\"@type\":\"ImageObject\",\"inLanguage\":\"fr-FR\",\"@id\":\"https:\/\/www.flogroup.eu\/fr\/politique-de-confidentialite-sur-la-protection-des-donnees-personnelles-isap\/#primaryimage\",\"url\":\"https:\/\/www.flogroup.eu\/wp-content\/uploads\/2023\/05\/Banner-Contatti.jpg\",\"contentUrl\":\"https:\/\/www.flogroup.eu\/wp-content\/uploads\/2023\/05\/Banner-Contatti.jpg\",\"width\":1920,\"height\":968},{\"@type\":\"BreadcrumbList\",\"@id\":\"https:\/\/www.flogroup.eu\/fr\/politique-de-confidentialite-sur-la-protection-des-donnees-personnelles-isap\/#breadcrumb\",\"itemListElement\":[{\"@type\":\"ListItem\",\"position\":1,\"name\":\"Home\",\"item\":\"https:\/\/www.flogroup.eu\/fr\/\"},{\"@type\":\"ListItem\",\"position\":2,\"name\":\"Politique de confidentialit\u00e9 sur la protection des donn\u00e9es personnelles \u2013 ISAP\"}]},{\"@type\":\"WebSite\",\"@id\":\"https:\/\/www.flogroup.eu\/fr\/#website\",\"url\":\"https:\/\/www.flogroup.eu\/fr\/\",\"name\":\"Gruppo FLO\",\"description\":\"\",\"publisher\":{\"@id\":\"https:\/\/www.flogroup.eu\/fr\/#organization\"},\"potentialAction\":[{\"@type\":\"SearchAction\",\"target\":{\"@type\":\"EntryPoint\",\"urlTemplate\":\"https:\/\/www.flogroup.eu\/fr\/?s={search_term_string}\"},\"query-input\":{\"@type\":\"PropertyValueSpecification\",\"valueRequired\":true,\"valueName\":\"search_term_string\"}}],\"inLanguage\":\"fr-FR\"},{\"@type\":\"Organization\",\"@id\":\"https:\/\/www.flogroup.eu\/fr\/#organization\",\"name\":\"Gruppo FLO\",\"url\":\"https:\/\/www.flogroup.eu\/fr\/\",\"logo\":{\"@type\":\"ImageObject\",\"inLanguage\":\"fr-FR\",\"@id\":\"https:\/\/www.flogroup.eu\/fr\/#\/schema\/logo\/image\/\",\"url\":\"https:\/\/www.flogroup.eu\/wp-content\/uploads\/2023\/03\/favicon-270.png\",\"contentUrl\":\"https:\/\/www.flogroup.eu\/wp-content\/uploads\/2023\/03\/favicon-270.png\",\"width\":270,\"height\":270,\"caption\":\"Gruppo FLO\"},\"image\":{\"@id\":\"https:\/\/www.flogroup.eu\/fr\/#\/schema\/logo\/image\/\"},\"sameAs\":[\"https:\/\/www.facebook.com\/FloGroupOfficial\",\"https:\/\/www.linkedin.com\/company\/flospa-contenitori-stoviglie-capsule\/mycompany\/?viewAsMember=true\"]}]}<\/script>\n<!-- \/ Yoast SEO plugin. -->","yoast_head_json":{"title":"Politique de confidentialit\u00e9 sur la protection des donn\u00e9es personnelles \u2013 ISAP - Gruppo FLO","robots":{"index":"index","follow":"follow","max-snippet":"max-snippet:-1","max-image-preview":"max-image-preview:large","max-video-preview":"max-video-preview:-1"},"canonical":"https:\/\/www.flogroup.eu\/fr\/politique-de-confidentialite-sur-la-protection-des-donnees-personnelles-isap\/","og_locale":"fr_FR","og_type":"article","og_title":"Politique de confidentialit\u00e9 sur la protection des donn\u00e9es personnelles \u2013 ISAP - Gruppo FLO","og_url":"https:\/\/www.flogroup.eu\/fr\/politique-de-confidentialite-sur-la-protection-des-donnees-personnelles-isap\/","og_site_name":"Gruppo FLO","article_publisher":"https:\/\/www.facebook.com\/FloGroupOfficial","article_modified_time":"2024-06-13T15:36:58+00:00","og_image":[{"width":1920,"height":968,"url":"https:\/\/www.flogroup.eu\/wp-content\/uploads\/2023\/05\/Banner-Contatti.jpg","type":"image\/jpeg"}],"twitter_card":"summary_large_image","twitter_misc":{"Dur\u00e9e de lecture estim\u00e9e":"6 minutes"},"schema":{"@context":"https:\/\/schema.org","@graph":[{"@type":"WebPage","@id":"https:\/\/www.flogroup.eu\/fr\/politique-de-confidentialite-sur-la-protection-des-donnees-personnelles-isap\/","url":"https:\/\/www.flogroup.eu\/fr\/politique-de-confidentialite-sur-la-protection-des-donnees-personnelles-isap\/","name":"Politique de confidentialit\u00e9 sur la protection des donn\u00e9es personnelles \u2013 ISAP - Gruppo FLO","isPartOf":{"@id":"https:\/\/www.flogroup.eu\/fr\/#website"},"primaryImageOfPage":{"@id":"https:\/\/www.flogroup.eu\/fr\/politique-de-confidentialite-sur-la-protection-des-donnees-personnelles-isap\/#primaryimage"},"image":{"@id":"https:\/\/www.flogroup.eu\/fr\/politique-de-confidentialite-sur-la-protection-des-donnees-personnelles-isap\/#primaryimage"},"thumbnailUrl":"https:\/\/www.flogroup.eu\/wp-content\/uploads\/2023\/05\/Banner-Contatti.jpg","datePublished":"2024-06-13T15:23:04+00:00","dateModified":"2024-06-13T15:36:58+00:00","breadcrumb":{"@id":"https:\/\/www.flogroup.eu\/fr\/politique-de-confidentialite-sur-la-protection-des-donnees-personnelles-isap\/#breadcrumb"},"inLanguage":"fr-FR","potentialAction":[{"@type":"ReadAction","target":["https:\/\/www.flogroup.eu\/fr\/politique-de-confidentialite-sur-la-protection-des-donnees-personnelles-isap\/"]}]},{"@type":"ImageObject","inLanguage":"fr-FR","@id":"https:\/\/www.flogroup.eu\/fr\/politique-de-confidentialite-sur-la-protection-des-donnees-personnelles-isap\/#primaryimage","url":"https:\/\/www.flogroup.eu\/wp-content\/uploads\/2023\/05\/Banner-Contatti.jpg","contentUrl":"https:\/\/www.flogroup.eu\/wp-content\/uploads\/2023\/05\/Banner-Contatti.jpg","width":1920,"height":968},{"@type":"BreadcrumbList","@id":"https:\/\/www.flogroup.eu\/fr\/politique-de-confidentialite-sur-la-protection-des-donnees-personnelles-isap\/#breadcrumb","itemListElement":[{"@type":"ListItem","position":1,"name":"Home","item":"https:\/\/www.flogroup.eu\/fr\/"},{"@type":"ListItem","position":2,"name":"Politique de confidentialit\u00e9 sur la protection des donn\u00e9es personnelles \u2013 ISAP"}]},{"@type":"WebSite","@id":"https:\/\/www.flogroup.eu\/fr\/#website","url":"https:\/\/www.flogroup.eu\/fr\/","name":"Gruppo FLO","description":"","publisher":{"@id":"https:\/\/www.flogroup.eu\/fr\/#organization"},"potentialAction":[{"@type":"SearchAction","target":{"@type":"EntryPoint","urlTemplate":"https:\/\/www.flogroup.eu\/fr\/?s={search_term_string}"},"query-input":{"@type":"PropertyValueSpecification","valueRequired":true,"valueName":"search_term_string"}}],"inLanguage":"fr-FR"},{"@type":"Organization","@id":"https:\/\/www.flogroup.eu\/fr\/#organization","name":"Gruppo FLO","url":"https:\/\/www.flogroup.eu\/fr\/","logo":{"@type":"ImageObject","inLanguage":"fr-FR","@id":"https:\/\/www.flogroup.eu\/fr\/#\/schema\/logo\/image\/","url":"https:\/\/www.flogroup.eu\/wp-content\/uploads\/2023\/03\/favicon-270.png","contentUrl":"https:\/\/www.flogroup.eu\/wp-content\/uploads\/2023\/03\/favicon-270.png","width":270,"height":270,"caption":"Gruppo FLO"},"image":{"@id":"https:\/\/www.flogroup.eu\/fr\/#\/schema\/logo\/image\/"},"sameAs":["https:\/\/www.facebook.com\/FloGroupOfficial","https:\/\/www.linkedin.com\/company\/flospa-contenitori-stoviglie-capsule\/mycompany\/?viewAsMember=true"]}]}},"_links":{"self":[{"href":"https:\/\/www.flogroup.eu\/fr\/wp-json\/wp\/v2\/pages\/5389","targetHints":{"allow":["GET"]}}],"collection":[{"href":"https:\/\/www.flogroup.eu\/fr\/wp-json\/wp\/v2\/pages"}],"about":[{"href":"https:\/\/www.flogroup.eu\/fr\/wp-json\/wp\/v2\/types\/page"}],"author":[{"embeddable":true,"href":"https:\/\/www.flogroup.eu\/fr\/wp-json\/wp\/v2\/users\/2"}],"replies":[{"embeddable":true,"href":"https:\/\/www.flogroup.eu\/fr\/wp-json\/wp\/v2\/comments?post=5389"}],"version-history":[{"count":2,"href":"https:\/\/www.flogroup.eu\/fr\/wp-json\/wp\/v2\/pages\/5389\/revisions"}],"predecessor-version":[{"id":5393,"href":"https:\/\/www.flogroup.eu\/fr\/wp-json\/wp\/v2\/pages\/5389\/revisions\/5393"}],"wp:featuredmedia":[{"embeddable":true,"href":"https:\/\/www.flogroup.eu\/fr\/wp-json\/wp\/v2\/media\/2985"}],"wp:attachment":[{"href":"https:\/\/www.flogroup.eu\/fr\/wp-json\/wp\/v2\/media?parent=5389"}],"curies":[{"name":"wp","href":"https:\/\/api.w.org\/{rel}","templated":true}]}}