{"id":3302,"date":"2023-09-05T15:10:53","date_gmt":"2023-09-05T13:10:53","guid":{"rendered":"https:\/\/flo.lessismore.co.it\/privacy-policy\/"},"modified":"2023-09-22T09:46:29","modified_gmt":"2023-09-22T07:46:29","slug":"note-information-politique-confidentialite","status":"publish","type":"page","link":"https:\/\/www.flogroup.eu\/fr\/note-information-politique-confidentialite\/","title":{"rendered":"Note d\u2019information sur la politique de confidentialit\u00e9"},"content":{"rendered":"<div class=\"fusion-fullwidth fullwidth-box fusion-builder-row-1 fusion-flex-container has-pattern-background has-mask-background gradient-container-1 nonhundred-percent-fullwidth non-hundred-percent-height-scrolling\" style=\"--awb-border-radius-top-left:0px;--awb-border-radius-top-right:0px;--awb-border-radius-bottom-right:0px;--awb-border-radius-bottom-left:0px;--awb-padding-top:5rem;--awb-padding-bottom:5rem;--awb-flex-wrap:wrap;\" ><div class=\"fusion-builder-row fusion-row fusion-flex-align-items-flex-start fusion-flex-content-wrap\" style=\"max-width:1456px;margin-left: calc(-4% \/ 2 );margin-right: calc(-4% \/ 2 );\"><div class=\"fusion-layout-column fusion_builder_column fusion-builder-column-0 fusion_builder_column_1_1 1_1 fusion-flex-column\" style=\"--awb-bg-size:cover;--awb-width-large:100%;--awb-margin-top-large:0px;--awb-spacing-right-large:1.92%;--awb-margin-bottom-large:0px;--awb-spacing-left-large:1.92%;--awb-width-medium:100%;--awb-spacing-right-medium:1.92%;--awb-spacing-left-medium:1.92%;--awb-width-small:100%;--awb-spacing-right-small:1.92%;--awb-spacing-left-small:1.92%;\"><div class=\"fusion-column-wrapper fusion-flex-justify-content-flex-start fusion-content-layout-column\"><div class=\"fusion-text fusion-text-1\"><p>Cette page d\u00e9crit les modalit\u00e9s de gestion du site en r\u00e9f\u00e9rence au traitement des donn\u00e9es personnelles des utilisateurs qui le consultent.<\/p>\n<p>Cette note d&rsquo;information est r\u00e9dig\u00e9e en application de l&rsquo;art. 13 du D. L\u00e9gislatif n\u00b0 196\/2003 &#8211; code en mati\u00e8re de protection des donn\u00e9es personnelles et est destin\u00e9e aux personnes interagissant avec les services Web de l&rsquo;entreprise, accessibles par Internet \u00e0 l&rsquo;adresse suivante : <a href=\"http:\/\/www.flogroup.eu\">http:\/\/www.flogroup.eu<\/a> correspondant \u00e0 la page d&rsquo;accueil de son site officiel.<\/p>\n<p>Cette Note d&rsquo;information (politique de confidentialit\u00e9 en mati\u00e8re de cookies) s&rsquo;applique uniquement \u00e0 ce site et non pas \u00e0 d&rsquo;autres sites web consult\u00e9s par l&rsquo;utilisateur \u00e0 travers des links.<\/p>\n<p>Cette Note d&rsquo;information (politique de confidentialit\u00e9 en mati\u00e8re de cookies) s&rsquo;inspire, entre autres, de la Recommandation n\u00b0 2\/2001 que les autorit\u00e9s europ\u00e9ennes pour la protection des donn\u00e9es personnelles, r\u00e9unies dans le Groupe de travail institu\u00e9 en vertu de l\u2019art. 29 de la directive 95\/46\/CE, ont adopt\u00e9e le 17 mai 2001, pour pr\u00e9ciser certaines conditions minimales requises pour la collecte des donn\u00e9es personnelles on-line, et, notamment, les modalit\u00e9s, les temps et la nature des informations que les titulaires du traitement doivent fournir aux utilisateurs lorsque ceux-ci acc\u00e8dent \u00e0 des pages web, ind\u00e9pendamment des raisons de cet acc\u00e8s.<\/p>\n<h4>LE \u00ab\u00a0TITULAIRE\u00a0\u00bb DU TRAITEMENT<\/h4>\n<p>Apr\u00e8s la consultation de ce site, des donn\u00e9es concernant des personnes identifi\u00e9es ou identifiables peuvent \u00eatre trait\u00e9es.<\/p>\n<p>Le \u00ab titulaire \u00bb de leur traitement est FLO S.p.A., en la personne de son repr\u00e9sentant l\u00e9gal.<\/p>\n<h4>LIEU DE TRAITEMENT DES DONN\u00c9ES<\/h4>\n<p>Les traitements li\u00e9s aux services web de ce site sont effectu\u00e9s au si\u00e8ge de la soci\u00e9t\u00e9 uniquement par le personnel technique du bureau charg\u00e9 du traitement ou par d&rsquo;\u00e9ventuelles personnes charg\u00e9es d&rsquo;op\u00e9rations occasionnelles de maintenance.<\/p>\n<p>Aucune donn\u00e9e d\u00e9rivant du service web n&rsquo;est communiqu\u00e9e ou diffus\u00e9e.<\/p>\n<p>Les donn\u00e9es personnelles fournies par les utilisateurs demandant l&rsquo;envoi de mat\u00e9riel d&rsquo;information (bulletins, CD-ROM, catalogues, prix, r\u00e9ponses \u00e0 des questions, documents vari\u00e9s, etc.) ne sont utilis\u00e9es que dans le but de fournir ou d&rsquo;effectuer le service demand\u00e9.<\/p>\n<h4>TYPES DE DONN\u00c9ES TRAIT\u00c9ES<\/h4>\n<h4>Donn\u00e9es de navigation<\/h4>\n<p>Les syst\u00e8mes informatiques et les logiciels applicatifs (software) utilis\u00e9s aux fins du fonctionnement de ce site web acqui\u00e8rent, au cours de leur exploitation normale, certaines donn\u00e9es personnelles dont la transmission est implicite dans l&rsquo;utilisation des protocoles de communication d&rsquo;Internet.<\/p>\n<p>Il s&rsquo;agit d&rsquo;informations qui ne sont pas collect\u00e9es en vue d&rsquo;\u00eatre associ\u00e9es aux personnes concern\u00e9es identifi\u00e9es mais qui, de par leur nature m\u00eame pourraient, \u00e0 travers l&rsquo;\u00e9laboration et l&rsquo;association avec des donn\u00e9es d\u00e9tenues par des tiers, permettre d&rsquo;identifier les utilisateurs.<\/p>\n<p>Cette cat\u00e9gorie de donn\u00e9es comprend les \u00ab\u00a0adresses IP\u00a0\u00bb ou les noms de domaine des dispositifs des utilisateurs qui se connectent au site, les adresses en notation URI (Uniform Resource Identifier) des ressources demand\u00e9es, l&rsquo;heure de la demande, la m\u00e9thode utilis\u00e9e pour soumettre la requ\u00eate au serveur Web, la taille du fichier obtenu en r\u00e9ponse, le code num\u00e9rique indiquant l&rsquo;\u00e9tat de la r\u00e9ponse donn\u00e9e par le server (succ\u00e8s, erreur, etc &#8230;) et d&rsquo;autres param\u00e8tres relatifs au syst\u00e8me d&rsquo;exploitation et \u00e0 l&rsquo;environnement informatique de l&rsquo;utilisateur.<\/p>\n<p>Ces donn\u00e9es sont utilis\u00e9es uniquement pour obtenir des informations statistiques anonymes sur l&rsquo;utilisation du site et pour en v\u00e9rifier le bon fonctionnement et sont supprim\u00e9es imm\u00e9diatement apr\u00e8s leur \u00e9laboration. Les donn\u00e9es pourraient \u00eatre utilis\u00e9es pour d\u00e9terminer la responsabilit\u00e9 en cas d&rsquo;hypoth\u00e9tiques d\u00e9lits informatiques contre le site. En dehors de cette \u00e9ventualit\u00e9, \u00e0 aujourd&rsquo;hui, les donn\u00e9es sur les contacts Web ne sont pas conserv\u00e9es plus de sept jours.<\/p>\n<h4>Donn\u00e9es fournies volontairement par l&rsquo;utilisateur<\/h4>\n<p>L&rsquo;envoi facultatif, explicite et volontaire de courrier \u00e9lectronique aux adresses indiqu\u00e9es sur ce site implique l&rsquo;acquisition qui s&rsquo;en suit de l&rsquo;adresse de l&rsquo;exp\u00e9diteur, n\u00e9cessaire pour r\u00e9pondre aux demandes, ainsi que des \u00e9ventuelles donn\u00e9es incluses dans le message.<\/p>\n<p>Les informations sp\u00e9cifiques de synth\u00e8se seront progressivement report\u00e9es ou affich\u00e9es sur les pages du site d\u00e9di\u00e9es \u00e0 des services particuliers sur demande.<\/p>\n<h4>UTILISATION DES COOKIES<\/h4>\n<p>En ce qui concerne les modalit\u00e9s d&rsquo;utilisation de cookies, nous renvoyons \u00e0 la Note d&rsquo;information d\u00e9taill\u00e9e sur la politique de confidentialit\u00e9 de FLO S.p.A. en mati\u00e8re de cookies publi\u00e9e sur ce site en application de la disposition du 8 mai 2014 \u00e9mise par l&rsquo;Autorit\u00e9 Garante pour la Protection des Donn\u00e9es Personnelles, qui int\u00e8gre et compl\u00e8te ce document.<\/p>\n<h4>COMMUNICATION FACULTATIVE DES DONN\u00c9ES<\/h4>\n<p>\u00c0 part ce qui est indiqu\u00e9 plus haut pour les donn\u00e9es de navigation, les utilisateurs sont libres ou non de fournir des donn\u00e9es personnelles.<br \/>\nLe refus de communication peut entra\u00eener l&rsquo;impossibilit\u00e9 d&rsquo;obtenir les informations\/services demand\u00e9s.<\/p>\n<h4>MODALIT\u00c9S DE TRAITEMENT<\/h4>\n<p>Les donn\u00e9es personnelles sont trait\u00e9es \u00e0 l&rsquo;aide d&rsquo;outils automatis\u00e9s, pendant le temps strictement n\u00e9cessaire pour atteindre les fins pour lesquelles elles ont \u00e9t\u00e9 collect\u00e9es.<\/p>\n<p>Des mesures de s\u00e9curit\u00e9 sp\u00e9cifiques sont respect\u00e9es pour pr\u00e9venir la perte des donn\u00e9es, les utilisations illicites ou incorrectes et les acc\u00e8s non autoris\u00e9s.<\/p>\n<h4>DROITS DES UTILISATEURS<\/h4>\n<p>Les sujets auxquels se r\u00e9f\u00e9rent les donn\u00e9es personnelles ont le droit, \u00e0 tout moment, d&rsquo;obtenir la confirmation de l&rsquo;existence ou non de ces donn\u00e9es et d&rsquo;en conna\u00eetre le contenu et l&rsquo;origine, d&rsquo;en v\u00e9rifier l&rsquo;exactitude ou d&rsquo;en demander l&rsquo;int\u00e9gration ou l&rsquo;actualisation, ou la correction (voir, pour plus d&rsquo;informations l&rsquo;art. 7 du D\u00e9cret L\u00e9gislatif n\u00b0 196\/2003).<\/p>\n<p>Au sens de ce m\u00eame article, l&rsquo;utilisateur a le droit de demander la suppression, la transformation en forme anonyme ou le blocage des donn\u00e9es trait\u00e9es en violation de la loi, et de s&rsquo;opposer, en tout \u00e9tat de cause, pour des raisons l\u00e9gitimes, \u00e0 leur traitement.<br \/>\nLes demandes doivent \u00eatre adress\u00e9es au Titulaire du traitement ou au Responsable M. Juri Torreggiani (voir ci-dessous).<\/p>\n<p>Cette note d&rsquo;information repr\u00e9sente la \u201cPolitique de confidentialit\u00e9\u201d de ce site et sera r\u00e9guli\u00e8rement mise \u00e0 jour<\/p>\n<h4>Liste des Responsables Confidentialit\u00e9 (art. 13 du D\u00e9cret L\u00e9gislatif 196\/2003)<\/h4>\n<p>La liste des Responsables Confidentialit\u00e9 de FLO S.p.A., est publi\u00e9e en application de l&rsquo;art. 13, alin\u00e9a 1, lettre f, du \u00abCode en mati\u00e8re de protection des donn\u00e9es personnelles\u00a0\u00bb (D\u00e9cret L\u00e9gislatif n\u00b0196\/03) afin de faire conna\u00eetre \u00e0 tous les int\u00e9ress\u00e9s le nom des responsables du traitement des donn\u00e9es personnelles de cette soci\u00e9t\u00e9.<\/p>\n<h4>Liste des Responsables<\/h4>\n<p>1. Responsable de l&rsquo;interface avec les clients: Juri Torreggiani, dont le bureau est situ\u00e9 \u00e0 Reggio Emilia, via Piccard 16\/g, t\u00e9l. 0522 \/ 30.11.69 &#8211; Fax 0522 \/ 38.79.96;<\/p>\n<p>2. Responsable confidentialit\u00e9: Juri Torreggiani, dont le bureau est situ\u00e9 \u00e0 Reggio Emilia, via Piccard 16\/g, t\u00e9l. 0522 \/ 30.11.69 &#8211; Fax 0522 \/ 38.79.96.<\/p>\n<\/div><\/div><\/div><\/div><\/div>\n","protected":false},"excerpt":{"rendered":"","protected":false},"author":1,"featured_media":2985,"parent":0,"menu_order":0,"comment_status":"closed","ping_status":"closed","template":"","meta":{"footnotes":""},"class_list":["post-3302","page","type-page","status-publish","has-post-thumbnail","hentry"],"yoast_head":"<!-- This site is optimized with the Yoast SEO plugin v26.3 - https:\/\/yoast.com\/wordpress\/plugins\/seo\/ -->\n<title>Note d\u2019information sur la politique de confidentialit\u00e9 - Gruppo FLO<\/title>\n<meta name=\"robots\" content=\"index, follow, max-snippet:-1, max-image-preview:large, max-video-preview:-1\" \/>\n<link rel=\"canonical\" href=\"https:\/\/www.flogroup.eu\/fr\/note-information-politique-confidentialite\/\" \/>\n<meta property=\"og:locale\" content=\"fr_FR\" \/>\n<meta property=\"og:type\" content=\"article\" \/>\n<meta property=\"og:title\" content=\"Note d\u2019information sur la politique de confidentialit\u00e9 - Gruppo FLO\" \/>\n<meta property=\"og:url\" content=\"https:\/\/www.flogroup.eu\/fr\/note-information-politique-confidentialite\/\" \/>\n<meta property=\"og:site_name\" content=\"Gruppo FLO\" \/>\n<meta property=\"article:publisher\" content=\"https:\/\/www.facebook.com\/FloGroupOfficial\" \/>\n<meta property=\"article:modified_time\" content=\"2023-09-22T07:46:29+00:00\" \/>\n<meta property=\"og:image\" content=\"https:\/\/www.flogroup.eu\/wp-content\/uploads\/2023\/05\/Banner-Contatti.jpg\" \/>\n\t<meta property=\"og:image:width\" content=\"1920\" \/>\n\t<meta property=\"og:image:height\" content=\"968\" \/>\n\t<meta property=\"og:image:type\" content=\"image\/jpeg\" \/>\n<meta name=\"twitter:card\" content=\"summary_large_image\" \/>\n<meta name=\"twitter:label1\" content=\"Dur\u00e9e de lecture estim\u00e9e\" \/>\n\t<meta name=\"twitter:data1\" content=\"9 minutes\" \/>\n<script type=\"application\/ld+json\" class=\"yoast-schema-graph\">{\"@context\":\"https:\/\/schema.org\",\"@graph\":[{\"@type\":\"WebPage\",\"@id\":\"https:\/\/www.flogroup.eu\/fr\/note-information-politique-confidentialite\/\",\"url\":\"https:\/\/www.flogroup.eu\/fr\/note-information-politique-confidentialite\/\",\"name\":\"Note d\u2019information sur la politique de confidentialit\u00e9 - Gruppo FLO\",\"isPartOf\":{\"@id\":\"https:\/\/www.flogroup.eu\/fr\/#website\"},\"primaryImageOfPage\":{\"@id\":\"https:\/\/www.flogroup.eu\/fr\/note-information-politique-confidentialite\/#primaryimage\"},\"image\":{\"@id\":\"https:\/\/www.flogroup.eu\/fr\/note-information-politique-confidentialite\/#primaryimage\"},\"thumbnailUrl\":\"https:\/\/www.flogroup.eu\/wp-content\/uploads\/2023\/05\/Banner-Contatti.jpg\",\"datePublished\":\"2023-09-05T13:10:53+00:00\",\"dateModified\":\"2023-09-22T07:46:29+00:00\",\"breadcrumb\":{\"@id\":\"https:\/\/www.flogroup.eu\/fr\/note-information-politique-confidentialite\/#breadcrumb\"},\"inLanguage\":\"fr-FR\",\"potentialAction\":[{\"@type\":\"ReadAction\",\"target\":[\"https:\/\/www.flogroup.eu\/fr\/note-information-politique-confidentialite\/\"]}]},{\"@type\":\"ImageObject\",\"inLanguage\":\"fr-FR\",\"@id\":\"https:\/\/www.flogroup.eu\/fr\/note-information-politique-confidentialite\/#primaryimage\",\"url\":\"https:\/\/www.flogroup.eu\/wp-content\/uploads\/2023\/05\/Banner-Contatti.jpg\",\"contentUrl\":\"https:\/\/www.flogroup.eu\/wp-content\/uploads\/2023\/05\/Banner-Contatti.jpg\",\"width\":1920,\"height\":968},{\"@type\":\"BreadcrumbList\",\"@id\":\"https:\/\/www.flogroup.eu\/fr\/note-information-politique-confidentialite\/#breadcrumb\",\"itemListElement\":[{\"@type\":\"ListItem\",\"position\":1,\"name\":\"Home\",\"item\":\"https:\/\/www.flogroup.eu\/fr\/\"},{\"@type\":\"ListItem\",\"position\":2,\"name\":\"Note d\u2019information sur la politique de confidentialit\u00e9\"}]},{\"@type\":\"WebSite\",\"@id\":\"https:\/\/www.flogroup.eu\/fr\/#website\",\"url\":\"https:\/\/www.flogroup.eu\/fr\/\",\"name\":\"Gruppo FLO\",\"description\":\"\",\"publisher\":{\"@id\":\"https:\/\/www.flogroup.eu\/fr\/#organization\"},\"potentialAction\":[{\"@type\":\"SearchAction\",\"target\":{\"@type\":\"EntryPoint\",\"urlTemplate\":\"https:\/\/www.flogroup.eu\/fr\/?s={search_term_string}\"},\"query-input\":{\"@type\":\"PropertyValueSpecification\",\"valueRequired\":true,\"valueName\":\"search_term_string\"}}],\"inLanguage\":\"fr-FR\"},{\"@type\":\"Organization\",\"@id\":\"https:\/\/www.flogroup.eu\/fr\/#organization\",\"name\":\"Gruppo FLO\",\"url\":\"https:\/\/www.flogroup.eu\/fr\/\",\"logo\":{\"@type\":\"ImageObject\",\"inLanguage\":\"fr-FR\",\"@id\":\"https:\/\/www.flogroup.eu\/fr\/#\/schema\/logo\/image\/\",\"url\":\"https:\/\/www.flogroup.eu\/wp-content\/uploads\/2023\/03\/favicon-270.png\",\"contentUrl\":\"https:\/\/www.flogroup.eu\/wp-content\/uploads\/2023\/03\/favicon-270.png\",\"width\":270,\"height\":270,\"caption\":\"Gruppo FLO\"},\"image\":{\"@id\":\"https:\/\/www.flogroup.eu\/fr\/#\/schema\/logo\/image\/\"},\"sameAs\":[\"https:\/\/www.facebook.com\/FloGroupOfficial\",\"https:\/\/www.linkedin.com\/company\/flospa-contenitori-stoviglie-capsule\/mycompany\/?viewAsMember=true\"]}]}<\/script>\n<!-- \/ Yoast SEO plugin. -->","yoast_head_json":{"title":"Note d\u2019information sur la politique de confidentialit\u00e9 - Gruppo FLO","robots":{"index":"index","follow":"follow","max-snippet":"max-snippet:-1","max-image-preview":"max-image-preview:large","max-video-preview":"max-video-preview:-1"},"canonical":"https:\/\/www.flogroup.eu\/fr\/note-information-politique-confidentialite\/","og_locale":"fr_FR","og_type":"article","og_title":"Note d\u2019information sur la politique de confidentialit\u00e9 - Gruppo FLO","og_url":"https:\/\/www.flogroup.eu\/fr\/note-information-politique-confidentialite\/","og_site_name":"Gruppo FLO","article_publisher":"https:\/\/www.facebook.com\/FloGroupOfficial","article_modified_time":"2023-09-22T07:46:29+00:00","og_image":[{"width":1920,"height":968,"url":"https:\/\/www.flogroup.eu\/wp-content\/uploads\/2023\/05\/Banner-Contatti.jpg","type":"image\/jpeg"}],"twitter_card":"summary_large_image","twitter_misc":{"Dur\u00e9e de lecture estim\u00e9e":"9 minutes"},"schema":{"@context":"https:\/\/schema.org","@graph":[{"@type":"WebPage","@id":"https:\/\/www.flogroup.eu\/fr\/note-information-politique-confidentialite\/","url":"https:\/\/www.flogroup.eu\/fr\/note-information-politique-confidentialite\/","name":"Note d\u2019information sur la politique de confidentialit\u00e9 - Gruppo FLO","isPartOf":{"@id":"https:\/\/www.flogroup.eu\/fr\/#website"},"primaryImageOfPage":{"@id":"https:\/\/www.flogroup.eu\/fr\/note-information-politique-confidentialite\/#primaryimage"},"image":{"@id":"https:\/\/www.flogroup.eu\/fr\/note-information-politique-confidentialite\/#primaryimage"},"thumbnailUrl":"https:\/\/www.flogroup.eu\/wp-content\/uploads\/2023\/05\/Banner-Contatti.jpg","datePublished":"2023-09-05T13:10:53+00:00","dateModified":"2023-09-22T07:46:29+00:00","breadcrumb":{"@id":"https:\/\/www.flogroup.eu\/fr\/note-information-politique-confidentialite\/#breadcrumb"},"inLanguage":"fr-FR","potentialAction":[{"@type":"ReadAction","target":["https:\/\/www.flogroup.eu\/fr\/note-information-politique-confidentialite\/"]}]},{"@type":"ImageObject","inLanguage":"fr-FR","@id":"https:\/\/www.flogroup.eu\/fr\/note-information-politique-confidentialite\/#primaryimage","url":"https:\/\/www.flogroup.eu\/wp-content\/uploads\/2023\/05\/Banner-Contatti.jpg","contentUrl":"https:\/\/www.flogroup.eu\/wp-content\/uploads\/2023\/05\/Banner-Contatti.jpg","width":1920,"height":968},{"@type":"BreadcrumbList","@id":"https:\/\/www.flogroup.eu\/fr\/note-information-politique-confidentialite\/#breadcrumb","itemListElement":[{"@type":"ListItem","position":1,"name":"Home","item":"https:\/\/www.flogroup.eu\/fr\/"},{"@type":"ListItem","position":2,"name":"Note d\u2019information sur la politique de confidentialit\u00e9"}]},{"@type":"WebSite","@id":"https:\/\/www.flogroup.eu\/fr\/#website","url":"https:\/\/www.flogroup.eu\/fr\/","name":"Gruppo FLO","description":"","publisher":{"@id":"https:\/\/www.flogroup.eu\/fr\/#organization"},"potentialAction":[{"@type":"SearchAction","target":{"@type":"EntryPoint","urlTemplate":"https:\/\/www.flogroup.eu\/fr\/?s={search_term_string}"},"query-input":{"@type":"PropertyValueSpecification","valueRequired":true,"valueName":"search_term_string"}}],"inLanguage":"fr-FR"},{"@type":"Organization","@id":"https:\/\/www.flogroup.eu\/fr\/#organization","name":"Gruppo FLO","url":"https:\/\/www.flogroup.eu\/fr\/","logo":{"@type":"ImageObject","inLanguage":"fr-FR","@id":"https:\/\/www.flogroup.eu\/fr\/#\/schema\/logo\/image\/","url":"https:\/\/www.flogroup.eu\/wp-content\/uploads\/2023\/03\/favicon-270.png","contentUrl":"https:\/\/www.flogroup.eu\/wp-content\/uploads\/2023\/03\/favicon-270.png","width":270,"height":270,"caption":"Gruppo FLO"},"image":{"@id":"https:\/\/www.flogroup.eu\/fr\/#\/schema\/logo\/image\/"},"sameAs":["https:\/\/www.facebook.com\/FloGroupOfficial","https:\/\/www.linkedin.com\/company\/flospa-contenitori-stoviglie-capsule\/mycompany\/?viewAsMember=true"]}]}},"_links":{"self":[{"href":"https:\/\/www.flogroup.eu\/fr\/wp-json\/wp\/v2\/pages\/3302","targetHints":{"allow":["GET"]}}],"collection":[{"href":"https:\/\/www.flogroup.eu\/fr\/wp-json\/wp\/v2\/pages"}],"about":[{"href":"https:\/\/www.flogroup.eu\/fr\/wp-json\/wp\/v2\/types\/page"}],"author":[{"embeddable":true,"href":"https:\/\/www.flogroup.eu\/fr\/wp-json\/wp\/v2\/users\/1"}],"replies":[{"embeddable":true,"href":"https:\/\/www.flogroup.eu\/fr\/wp-json\/wp\/v2\/comments?post=3302"}],"version-history":[{"count":0,"href":"https:\/\/www.flogroup.eu\/fr\/wp-json\/wp\/v2\/pages\/3302\/revisions"}],"wp:featuredmedia":[{"embeddable":true,"href":"https:\/\/www.flogroup.eu\/fr\/wp-json\/wp\/v2\/media\/2985"}],"wp:attachment":[{"href":"https:\/\/www.flogroup.eu\/fr\/wp-json\/wp\/v2\/media?parent=3302"}],"curies":[{"name":"wp","href":"https:\/\/api.w.org\/{rel}","templated":true}]}}